{"id":179,"date":"2023-09-20T11:15:02","date_gmt":"2023-09-20T09:15:02","guid":{"rendered":"https:\/\/localhost\/tpdott\/?page_id=179"},"modified":"2023-09-20T11:17:02","modified_gmt":"2023-09-20T09:17:02","slug":"tarifs-saison-2023-2024","status":"publish","type":"page","link":"https:\/\/toulouse-pattedoie-tt.fr\/?page_id=179","title":{"rendered":"Tarifs &#8211; Saison 2023\/2024"},"content":{"rendered":"\n<div class=\"wp-block-group\"><div class=\"wp-block-group__inner-container is-layout-constrained wp-block-group-is-layout-constrained\">\n<figure class=\"wp-block-table alignleft is-style-stripes\"><table class=\"has-fixed-layout\"><tbody><tr><td>Licence Jeune &#8211; sans comp\u00e9tition<\/td><td>180 \u20ac<\/td><\/tr><tr><td>Licence Jeune comp\u00e9tition<\/td><td>195 \u20ac<\/td><\/tr><tr><td>Licence Adulte Comp\u00e9tition<\/td><td>202 \u20ac<\/td><\/tr><tr><td>Licence Adulte loisirs<\/td><td>167 \u20ac<\/td><\/tr><tr><td>Licence \u00e9tudiant<\/td><td>30 \u20ac de r\u00e9duction sur la licence choisie<\/td><\/tr><\/tbody><\/table><figcaption class=\"wp-element-caption\"><font size=\"2\">.dont 15 \u20ac sont adress\u00e9s au FEPEB &#8211; Foyer d\u2019\u00c9ducation Populaire \u00c9tienne Billi\u00e8res<\/font><\/figcaption><\/figure>\n<\/div><\/div>\n\n\n\n<p><br><br><br><br><br><br><br><br><br><em><strong>Possibilit\u00e9 de r\u00e9gler en plusieurs fois et r\u00e9duction si plusieurs personnes de la m\u00eame famille.<\/strong><\/em><\/p>\n","protected":false},"excerpt":{"rendered":"<p>Licence Jeune &#8211; sans comp\u00e9tition 180 \u20ac Licence Jeune comp\u00e9tition 195 \u20ac Licence Adulte Comp\u00e9tition 202 \u20ac Licence Adulte loisirs 167 \u20ac Licence \u00e9tudiant 30 \u20ac de r\u00e9duction sur la licence choisie .dont 15 \u20ac sont adress\u00e9s au FEPEB &#8211; Foyer d\u2019\u00c9ducation Populaire \u00c9tienne Billi\u00e8res Possibilit\u00e9 de r\u00e9gler en plusieurs fois et r\u00e9duction si plusieurs personnes de la m\u00eame famille.<\/p>\n","protected":false},"author":1,"featured_media":0,"parent":0,"menu_order":0,"comment_status":"closed","ping_status":"closed","template":"","meta":{"ngg_post_thumbnail":0,"footnotes":""},"class_list":["post-179","page","type-page","status-publish","hentry"],"rttpg_featured_image_url":null,"rttpg_author":{"display_name":"userwp_tpott","author_link":"https:\/\/toulouse-pattedoie-tt.fr\/?author=1"},"rttpg_comment":0,"rttpg_category":null,"rttpg_excerpt":"Licence Jeune &#8211; sans comp\u00e9tition 180 \u20ac Licence Jeune comp\u00e9tition 195 \u20ac Licence Adulte Comp\u00e9tition 202 \u20ac Licence Adulte loisirs 167 \u20ac Licence \u00e9tudiant 30 \u20ac de r\u00e9duction sur la licence choisie .dont 15 \u20ac sont adress\u00e9s au FEPEB &#8211; Foyer d\u2019\u00c9ducation Populaire \u00c9tienne Billi\u00e8res Possibilit\u00e9 de r\u00e9gler en plusieurs fois et r\u00e9duction si plusieurs\u2026","_links":{"self":[{"href":"https:\/\/toulouse-pattedoie-tt.fr\/index.php?rest_route=\/wp\/v2\/pages\/179","targetHints":{"allow":["GET"]}}],"collection":[{"href":"https:\/\/toulouse-pattedoie-tt.fr\/index.php?rest_route=\/wp\/v2\/pages"}],"about":[{"href":"https:\/\/toulouse-pattedoie-tt.fr\/index.php?rest_route=\/wp\/v2\/types\/page"}],"author":[{"embeddable":true,"href":"https:\/\/toulouse-pattedoie-tt.fr\/index.php?rest_route=\/wp\/v2\/users\/1"}],"replies":[{"embeddable":true,"href":"https:\/\/toulouse-pattedoie-tt.fr\/index.php?rest_route=%2Fwp%2Fv2%2Fcomments&post=179"}],"version-history":[{"count":0,"href":"https:\/\/toulouse-pattedoie-tt.fr\/index.php?rest_route=\/wp\/v2\/pages\/179\/revisions"}],"wp:attachment":[{"href":"https:\/\/toulouse-pattedoie-tt.fr\/index.php?rest_route=%2Fwp%2Fv2%2Fmedia&parent=179"}],"curies":[{"name":"wp","href":"https:\/\/api.w.org\/{rel}","templated":true}]}}