{"id":197,"date":"2023-09-21T08:58:13","date_gmt":"2023-09-21T06:58:13","guid":{"rendered":"https:\/\/localhost\/tpdott\/?page_id=197"},"modified":"2025-09-20T18:59:23","modified_gmt":"2025-09-20T16:59:23","slug":"entrainements-2022-2023","status":"publish","type":"page","link":"https:\/\/toulouse-pattedoie-tt.fr\/?page_id=197","title":{"rendered":"ENTRAINEMENTS"},"content":{"rendered":"\n<p>Nous proposons des s\u00e9ances d\u2019entra\u00eenements adapt\u00e9s \u00e0 tous niveaux, pour les jeunes et les adultes&nbsp;et des s\u00e9ances de jeu libre, le tout dans une ambiance conviviale.<\/p>\n\n\n\n<p class=\"has-medium-font-size\"> Horaires<\/p>\n\n\n\n<figure class=\"wp-block-gallery has-nested-images columns-default is-cropped wp-block-gallery-1 is-layout-flex wp-block-gallery-is-layout-flex\">\n<figure class=\"wp-block-image size-full\"><img loading=\"lazy\" decoding=\"async\" width=\"849\" height=\"760\" data-id=\"2249\" src=\"https:\/\/localhost\/tpdott\/wp-content\/uploads\/Horaires-2.jpg\" alt=\"\" class=\"wp-image-2249\" srcset=\"https:\/\/toulouse-pattedoie-tt.fr\/wp-content\/uploads\/Horaires-2.jpg 849w, https:\/\/toulouse-pattedoie-tt.fr\/wp-content\/uploads\/Horaires-2-300x269.jpg 300w, https:\/\/toulouse-pattedoie-tt.fr\/wp-content\/uploads\/Horaires-2-768x687.jpg 768w\" sizes=\"auto, (max-width: 849px) 100vw, 849px\" \/><\/figure>\n<\/figure>\n\n\n\n<ul class=\"wp-block-list\">\n<li style=\"font-size:17px\"><strong>Groupe \u00c9lite <\/strong>&#8211; Groupe dirig\u00e9 par Laurent Corbarieu et Laurent Camacho.<br><\/li>\n\n\n\n<li style=\"font-size:17px\"><strong>Groupe \u00c9lite Pro Jeune<\/strong> &#8211; Groupe dirig\u00e9 par Laurent Camacho et les 3 meilleurs joueurs du Club.<br> <\/li>\n\n\n\n<li style=\"font-size:17px\"><strong>Groupe Comp\u00e9tition<\/strong> &#8211; Groupe dirig\u00e9 par Admir Duranspahic num\u00e9rot\u00e9 169 fran\u00e7ais.<br><\/li>\n<\/ul>\n\n\n\n<p>Ouvert \u00e0 tous les adultes quelque soit leur niveau. Ambiance assur\u00e9e pour nos jeunes briscards\u2026<\/p>\n\n\n\n<p>Pour les <strong>adultes<\/strong> en loisir ou en comp\u00e9tition, l\u2019utilisation de la salle est enti\u00e8rement libre pendant les horaires indiqu\u00e9s ci-dessus, aucun pointage ni obligation de pr\u00e9sence ne sera demand\u00e9.<\/p>\n\n\n\n<p>Pour les <strong>enfants, <\/strong>ils s\u2019engagent \u00e0 montrer du s\u00e9rieux et de l\u2019\u00e9coute vis \u00e0 vis&nbsp;des entra\u00eeneurs et si possible pr\u00e9viennent de leur absence.<\/p>\n","protected":false},"excerpt":{"rendered":"<p>Nous proposons des s\u00e9ances d\u2019entra\u00eenements adapt\u00e9s \u00e0 tous niveaux, pour les jeunes et les adultes&nbsp;et des s\u00e9ances de jeu libre, le tout dans une ambiance conviviale. Horaires Ouvert \u00e0 tous les adultes quelque soit leur niveau. Ambiance assur\u00e9e pour nos jeunes briscards\u2026 Pour les adultes en loisir ou en comp\u00e9tition, l\u2019utilisation de la salle est enti\u00e8rement libre pendant les horaires indiqu\u00e9s ci-dessus, aucun pointage ni obligation de pr\u00e9sence ne sera demand\u00e9. Pour les enfants, ils s\u2019engagent \u00e0 montrer du s\u00e9rieux et de l\u2019\u00e9coute vis \u00e0 vis&nbsp;des entra\u00eeneurs et si possible pr\u00e9viennent de leur absence.<\/p>\n","protected":false},"author":1,"featured_media":0,"parent":0,"menu_order":0,"comment_status":"closed","ping_status":"closed","template":"","meta":{"ngg_post_thumbnail":0,"footnotes":""},"class_list":["post-197","page","type-page","status-publish","hentry"],"rttpg_featured_image_url":null,"rttpg_author":{"display_name":"userwp_tpott","author_link":"https:\/\/toulouse-pattedoie-tt.fr\/?author=1"},"rttpg_comment":0,"rttpg_category":null,"rttpg_excerpt":"Nous proposons des s\u00e9ances d\u2019entra\u00eenements adapt\u00e9s \u00e0 tous niveaux, pour les jeunes et les adultes&nbsp;et des s\u00e9ances de jeu libre, le tout dans une ambiance conviviale. Horaires Ouvert \u00e0 tous les adultes quelque soit leur niveau. Ambiance assur\u00e9e pour nos jeunes briscards\u2026 Pour les adultes en loisir ou en comp\u00e9tition, l\u2019utilisation de la salle est\u2026","_links":{"self":[{"href":"https:\/\/toulouse-pattedoie-tt.fr\/index.php?rest_route=\/wp\/v2\/pages\/197","targetHints":{"allow":["GET"]}}],"collection":[{"href":"https:\/\/toulouse-pattedoie-tt.fr\/index.php?rest_route=\/wp\/v2\/pages"}],"about":[{"href":"https:\/\/toulouse-pattedoie-tt.fr\/index.php?rest_route=\/wp\/v2\/types\/page"}],"author":[{"embeddable":true,"href":"https:\/\/toulouse-pattedoie-tt.fr\/index.php?rest_route=\/wp\/v2\/users\/1"}],"replies":[{"embeddable":true,"href":"https:\/\/toulouse-pattedoie-tt.fr\/index.php?rest_route=%2Fwp%2Fv2%2Fcomments&post=197"}],"version-history":[{"count":10,"href":"https:\/\/toulouse-pattedoie-tt.fr\/index.php?rest_route=\/wp\/v2\/pages\/197\/revisions"}],"predecessor-version":[{"id":2252,"href":"https:\/\/toulouse-pattedoie-tt.fr\/index.php?rest_route=\/wp\/v2\/pages\/197\/revisions\/2252"}],"wp:attachment":[{"href":"https:\/\/toulouse-pattedoie-tt.fr\/index.php?rest_route=%2Fwp%2Fv2%2Fmedia&parent=197"}],"curies":[{"name":"wp","href":"https:\/\/api.w.org\/{rel}","templated":true}]}}