{"id":2229,"date":"2025-03-16T14:31:39","date_gmt":"2025-03-16T13:31:39","guid":{"rendered":"https:\/\/localhost\/tpdott\/?page_id=2229"},"modified":"2025-09-22T22:17:54","modified_gmt":"2025-09-22T20:17:54","slug":"actualites-fede","status":"publish","type":"page","link":"https:\/\/toulouse-pattedoie-tt.fr\/?page_id=2229","title":{"rendered":"Actualit\u00e9s F\u00e9d\u00e9"},"content":{"rendered":"<div class=\"feedzy-f96526e2deb02d987c95ec2c26048dba feedzy-rss-1\"><div class=\"rss_header\"><h2><a href=\"\" class=\"rss_title\" rel=\"noopener\"><\/a> <span class=\"rss_description\"> <\/span><\/h2><\/div><ul>Feed has no items.<\/ul> <\/div>\n","protected":false},"excerpt":{"rendered":"","protected":false},"author":1,"featured_media":0,"parent":0,"menu_order":0,"comment_status":"closed","ping_status":"closed","template":"","meta":{"ngg_post_thumbnail":0,"footnotes":""},"class_list":["post-2229","page","type-page","status-publish","hentry"],"rttpg_featured_image_url":null,"rttpg_author":{"display_name":"userwp_tpott","author_link":"https:\/\/toulouse-pattedoie-tt.fr\/?author=1"},"rttpg_comment":0,"rttpg_category":null,"rttpg_excerpt":null,"_links":{"self":[{"href":"https:\/\/toulouse-pattedoie-tt.fr\/index.php?rest_route=\/wp\/v2\/pages\/2229","targetHints":{"allow":["GET"]}}],"collection":[{"href":"https:\/\/toulouse-pattedoie-tt.fr\/index.php?rest_route=\/wp\/v2\/pages"}],"about":[{"href":"https:\/\/toulouse-pattedoie-tt.fr\/index.php?rest_route=\/wp\/v2\/types\/page"}],"author":[{"embeddable":true,"href":"https:\/\/toulouse-pattedoie-tt.fr\/index.php?rest_route=\/wp\/v2\/users\/1"}],"replies":[{"embeddable":true,"href":"https:\/\/toulouse-pattedoie-tt.fr\/index.php?rest_route=%2Fwp%2Fv2%2Fcomments&post=2229"}],"version-history":[{"count":3,"href":"https:\/\/toulouse-pattedoie-tt.fr\/index.php?rest_route=\/wp\/v2\/pages\/2229\/revisions"}],"predecessor-version":[{"id":6006,"href":"https:\/\/toulouse-pattedoie-tt.fr\/index.php?rest_route=\/wp\/v2\/pages\/2229\/revisions\/6006"}],"wp:attachment":[{"href":"https:\/\/toulouse-pattedoie-tt.fr\/index.php?rest_route=%2Fwp%2Fv2%2Fmedia&parent=2229"}],"curies":[{"name":"wp","href":"https:\/\/api.w.org\/{rel}","templated":true}]}}