{"id":223,"date":"2023-09-21T18:15:51","date_gmt":"2023-09-21T16:15:51","guid":{"rendered":"https:\/\/localhost\/tpdott\/?page_id=223"},"modified":"2023-09-21T18:15:51","modified_gmt":"2023-09-21T16:15:51","slug":"regle-sur-les-conseils-aux-joueurs","status":"publish","type":"page","link":"https:\/\/toulouse-pattedoie-tt.fr\/?page_id=223","title":{"rendered":"R\u00e8gle sur les conseils aux joueurs"},"content":{"rendered":"\n<p>-Toutes les feuilles de rencontres doivent \u00eatre consultables au format PDF (en cas de d\u00e9partage en fin de phase)<\/p>\n\n\n\n<p><strong>Pour les capitaines<\/strong><\/p>\n\n\n\n<p><strong>RAPPELS CHAMPIONNAT PAR \u00c9QUIPES<\/strong><\/p>\n\n\n\n<p>\u2013 Tous les r\u00e9sultats doit \u00eatre consultables le dimanche soir au plus tard<\/p>\n\n\n\n<p>\u2013 Toutes les feuilles de match doivent \u00eatre saisies le lundi soir au plus tard<\/p>\n\n\n\n<p>-Signatures recto et verso des capitaines et juges-arbitres<\/p>\n\n\n\n<p>-Pour les \u00e9quipes exemptes faire une feuille GIRPE ou saisir la compo d\u2019\u00e9quipe directement sur SPID WEB avec les identifiants de votre association (pour les br\u00fblages).<\/p>\n\n\n\n<p><strong>Le r\u00e8glement de la FFTT<\/strong><\/p>\n\n\n\n<p>La r\u00e8gle du coaching \u00a0<a href=\"https:\/\/localhost\/tpdott\/wp-content\/uploads\/Regle-sur-les-conseils-aux-joueurs-1.xls\" data-type=\"link\" data-id=\"https:\/\/localhost\/tpdott\/wp-content\/uploads\/Regle-sur-les-conseils-aux-joueurs-1.xls\" target=\"_blank\" rel=\"noreferrer noopener\">R\u00e8gle sur les conseils aux joueurs<\/a><\/p>\n\n\n\n<p><a href=\"https:\/\/www.fftt.com\/site\/competition\/infos-generales\/les-reglements\">Les r\u00e8glements G\u00e9n\u00e9raux et Sportifs<\/a><\/p>\n","protected":false},"excerpt":{"rendered":"<p>-Toutes les feuilles de rencontres doivent \u00eatre consultables au format PDF (en cas de d\u00e9partage en fin de phase) Pour les capitaines RAPPELS CHAMPIONNAT PAR \u00c9QUIPES \u2013 Tous les r\u00e9sultats doit \u00eatre consultables le dimanche soir au plus tard \u2013 Toutes les feuilles de match doivent \u00eatre saisies le lundi soir au plus tard -Signatures recto et verso des capitaines et juges-arbitres -Pour les \u00e9quipes exemptes faire une feuille GIRPE ou saisir la compo d\u2019\u00e9quipe directement sur SPID WEB avec les identifiants de votre association (pour les br\u00fblages). Le r\u00e8glement de la FFTT La r\u00e8gle du coaching \u00a0R\u00e8gle sur les&#8230; <\/p>\n","protected":false},"author":1,"featured_media":0,"parent":0,"menu_order":0,"comment_status":"closed","ping_status":"closed","template":"","meta":{"ngg_post_thumbnail":0,"footnotes":""},"class_list":["post-223","page","type-page","status-publish","hentry"],"rttpg_featured_image_url":null,"rttpg_author":{"display_name":"userwp_tpott","author_link":"https:\/\/toulouse-pattedoie-tt.fr\/?author=1"},"rttpg_comment":0,"rttpg_category":null,"rttpg_excerpt":"-Toutes les feuilles de rencontres doivent \u00eatre consultables au format PDF (en cas de d\u00e9partage en fin de phase) Pour les capitaines RAPPELS CHAMPIONNAT PAR \u00c9QUIPES \u2013 Tous les r\u00e9sultats doit \u00eatre consultables le dimanche soir au plus tard \u2013 Toutes les feuilles de match doivent \u00eatre saisies le lundi soir au plus tard -Signatures\u2026","_links":{"self":[{"href":"https:\/\/toulouse-pattedoie-tt.fr\/index.php?rest_route=\/wp\/v2\/pages\/223","targetHints":{"allow":["GET"]}}],"collection":[{"href":"https:\/\/toulouse-pattedoie-tt.fr\/index.php?rest_route=\/wp\/v2\/pages"}],"about":[{"href":"https:\/\/toulouse-pattedoie-tt.fr\/index.php?rest_route=\/wp\/v2\/types\/page"}],"author":[{"embeddable":true,"href":"https:\/\/toulouse-pattedoie-tt.fr\/index.php?rest_route=\/wp\/v2\/users\/1"}],"replies":[{"embeddable":true,"href":"https:\/\/toulouse-pattedoie-tt.fr\/index.php?rest_route=%2Fwp%2Fv2%2Fcomments&post=223"}],"version-history":[{"count":0,"href":"https:\/\/toulouse-pattedoie-tt.fr\/index.php?rest_route=\/wp\/v2\/pages\/223\/revisions"}],"wp:attachment":[{"href":"https:\/\/toulouse-pattedoie-tt.fr\/index.php?rest_route=%2Fwp%2Fv2%2Fmedia&parent=223"}],"curies":[{"name":"wp","href":"https:\/\/api.w.org\/{rel}","templated":true}]}}