{"id":234,"date":"2023-09-21T20:56:02","date_gmt":"2023-09-21T18:56:02","guid":{"rendered":"https:\/\/localhost\/tpdott\/?page_id=234"},"modified":"2025-02-23T17:45:07","modified_gmt":"2025-02-23T16:45:07","slug":"reglements-et-conseils","status":"publish","type":"page","link":"https:\/\/toulouse-pattedoie-tt.fr\/?page_id=234","title":{"rendered":"R\u00e8glements et Conseils"},"content":{"rendered":"\n<div class=\"wp-block-columns is-layout-flex wp-container-core-columns-is-layout-9d6595d7 wp-block-columns-is-layout-flex\">\n<div class=\"wp-block-column is-layout-flow wp-block-column-is-layout-flow\">\n<figure class=\"wp-block-image size-large is-resized\"><a href=\"https:\/\/www.calameo.com\/read\/0042240896445e9800722\" target=\"_blank\" rel=\"noreferrer noopener\"><img loading=\"lazy\" decoding=\"async\" width=\"724\" height=\"1024\" src=\"https:\/\/localhost\/tpdott\/wp-content\/uploads\/couve_RG-MEL-724x1024.jpg\" alt=\"\" class=\"wp-image-236\" style=\"width:199px;height:282px\" srcset=\"https:\/\/toulouse-pattedoie-tt.fr\/wp-content\/uploads\/couve_RG-MEL-724x1024.jpg 724w, https:\/\/toulouse-pattedoie-tt.fr\/wp-content\/uploads\/couve_RG-MEL-212x300.jpg 212w, https:\/\/toulouse-pattedoie-tt.fr\/wp-content\/uploads\/couve_RG-MEL-768x1086.jpg 768w, https:\/\/toulouse-pattedoie-tt.fr\/wp-content\/uploads\/couve_RG-MEL-1086x1536.jpg 1086w, https:\/\/toulouse-pattedoie-tt.fr\/wp-content\/uploads\/couve_RG-MEL.jpg 1240w\" sizes=\"auto, (max-width: 724px) 100vw, 724px\" \/><\/a><figcaption class=\"wp-element-caption\">R\u00e8glements G\u00e9n\u00e9raux<\/figcaption><\/figure>\n<\/div>\n\n\n\n<div class=\"wp-block-column is-layout-flow wp-block-column-is-layout-flow\">\n<figure class=\"wp-block-image size-large is-resized\"><a href=\"https:\/\/www.calameo.com\/read\/004224089c1d0d5e5e1e7\"><img loading=\"lazy\" decoding=\"async\" width=\"724\" height=\"1024\" src=\"https:\/\/localhost\/tpdott\/wp-content\/uploads\/couve_RS-724x1024.jpg\" alt=\"\" class=\"wp-image-235\" style=\"width:202px;height:285px\" srcset=\"https:\/\/toulouse-pattedoie-tt.fr\/wp-content\/uploads\/couve_RS-724x1024.jpg 724w, https:\/\/toulouse-pattedoie-tt.fr\/wp-content\/uploads\/couve_RS-212x300.jpg 212w, https:\/\/toulouse-pattedoie-tt.fr\/wp-content\/uploads\/couve_RS-768x1086.jpg 768w, https:\/\/toulouse-pattedoie-tt.fr\/wp-content\/uploads\/couve_RS-1086x1536.jpg 1086w, https:\/\/toulouse-pattedoie-tt.fr\/wp-content\/uploads\/couve_RS.jpg 1240w\" sizes=\"auto, (max-width: 724px) 100vw, 724px\" \/><\/a><figcaption class=\"wp-element-caption\">R\u00e8glements Sportifs<\/figcaption><\/figure>\n<\/div>\n\n\n\n<div class=\"wp-block-column is-layout-flow wp-block-column-is-layout-flow\">\n<figure class=\"wp-block-image size-full is-resized\"><a href=\"https:\/\/localhost\/tpdott\/wp-content\/uploads\/Conseils-aux-joueurs.png\"><img loading=\"lazy\" decoding=\"async\" width=\"563\" height=\"874\" src=\"https:\/\/localhost\/tpdott\/wp-content\/uploads\/Conseils-aux-joueurs.png\" alt=\"\" class=\"wp-image-238\" style=\"width:187px;height:290px\" srcset=\"https:\/\/toulouse-pattedoie-tt.fr\/wp-content\/uploads\/Conseils-aux-joueurs.png 563w, https:\/\/toulouse-pattedoie-tt.fr\/wp-content\/uploads\/Conseils-aux-joueurs-193x300.png 193w\" sizes=\"auto, (max-width: 563px) 100vw, 563px\" \/><\/a><figcaption class=\"wp-element-caption\">Conseils aux Joueurs<\/figcaption><\/figure>\n<\/div>\n<\/div>\n","protected":false},"excerpt":{"rendered":"","protected":false},"author":1,"featured_media":0,"parent":0,"menu_order":0,"comment_status":"closed","ping_status":"closed","template":"","meta":{"ngg_post_thumbnail":0,"footnotes":""},"class_list":["post-234","page","type-page","status-publish","hentry"],"rttpg_featured_image_url":null,"rttpg_author":{"display_name":"userwp_tpott","author_link":"https:\/\/toulouse-pattedoie-tt.fr\/?author=1"},"rttpg_comment":0,"rttpg_category":null,"rttpg_excerpt":null,"_links":{"self":[{"href":"https:\/\/toulouse-pattedoie-tt.fr\/index.php?rest_route=\/wp\/v2\/pages\/234","targetHints":{"allow":["GET"]}}],"collection":[{"href":"https:\/\/toulouse-pattedoie-tt.fr\/index.php?rest_route=\/wp\/v2\/pages"}],"about":[{"href":"https:\/\/toulouse-pattedoie-tt.fr\/index.php?rest_route=\/wp\/v2\/types\/page"}],"author":[{"embeddable":true,"href":"https:\/\/toulouse-pattedoie-tt.fr\/index.php?rest_route=\/wp\/v2\/users\/1"}],"replies":[{"embeddable":true,"href":"https:\/\/toulouse-pattedoie-tt.fr\/index.php?rest_route=%2Fwp%2Fv2%2Fcomments&post=234"}],"version-history":[{"count":3,"href":"https:\/\/toulouse-pattedoie-tt.fr\/index.php?rest_route=\/wp\/v2\/pages\/234\/revisions"}],"predecessor-version":[{"id":2191,"href":"https:\/\/toulouse-pattedoie-tt.fr\/index.php?rest_route=\/wp\/v2\/pages\/234\/revisions\/2191"}],"wp:attachment":[{"href":"https:\/\/toulouse-pattedoie-tt.fr\/index.php?rest_route=%2Fwp%2Fv2%2Fmedia&parent=234"}],"curies":[{"name":"wp","href":"https:\/\/api.w.org\/{rel}","templated":true}]}}