{"id":71,"date":"2023-09-19T08:44:18","date_gmt":"2023-09-19T06:44:18","guid":{"rendered":"https:\/\/localhost\/tpdott\/?page_id=71"},"modified":"2025-03-02T13:22:22","modified_gmt":"2025-03-02T12:22:22","slug":"coordonnees-et-contacts","status":"publish","type":"page","link":"https:\/\/toulouse-pattedoie-tt.fr\/?page_id=71","title":{"rendered":"Coordonn\u00e9es et Contacts"},"content":{"rendered":"\n<p>Notre club est situ\u00e9 au <\/p>\n\n\n\n<p><strong>Gymnase Christine\u00a0Rumeau<\/strong><br>6 <strong>rue des Turres<\/strong> <br><strong>31100 TOULOUSE<\/strong><\/p>\n\n\n\n<p>\u00e0 proximit\u00e9 du m\u00e9tro Fontaine&nbsp;Lestang et des Ar\u00e8nes.<\/p>\n\n\n\n<p>Nous contacter par email : <a href=\"mailto:patteoie@yahoo.fr\">patteoie@yahoo.fr<\/a><br>ou <br>Laurent CAMACHO &#8211; Pr\u00e9sident : 06 86 73 12 97 <br>en journ\u00e9e jusque 21h.<\/p>\n\n\n\n<iframe src=\"https:\/\/www.google.com\/maps\/embed?pb=!1m14!1m8!1m3!1d2974.5853513075635!2d1.4197628480261482!3d43.58770131658313!3m2!1i1024!2i768!4f13.1!3m3!1m2!1s0x12aebba106c26e69%3A0x6692b6556d08b164!2sToulouse%20Patte%20d&#39;Oie%20Tennis%20de%20Table!5e0!3m2!1sfr!2sfr!4v1740243707074!5m2!1sfr!2sfr\" width=\"600\" height=\"450\" style=\"border:0;\" allowfullscreen=\"\" loading=\"lazy\" referrerpolicy=\"no-referrer-when-downgrade\"><\/iframe>\n\n\n\n<p class=\"has-text-align-left\"><strong>M\u00e9tro&nbsp;A<\/strong>         &#8211; arr\u00eat Fontaine&nbsp;Lestang<br><strong>Tramway (T1)<\/strong> &#8211; arr\u00eat D\u00e9odat de S\u00e9verac<br><strong>Bus 13<\/strong>            &#8211; arr\u00eat Gamelin<\/p>\n","protected":false},"excerpt":{"rendered":"<p>Notre club est situ\u00e9 au Gymnase Christine\u00a0Rumeau6 rue des Turres 31100 TOULOUSE \u00e0 proximit\u00e9 du m\u00e9tro Fontaine&nbsp;Lestang et des Ar\u00e8nes. Nous contacter par email : patteoie@yahoo.frou Laurent CAMACHO &#8211; Pr\u00e9sident : 06 86 73 12 97 en journ\u00e9e jusque 21h. M\u00e9tro&nbsp;A &#8211; arr\u00eat Fontaine&nbsp;LestangTramway (T1) &#8211; arr\u00eat D\u00e9odat de S\u00e9veracBus 13 &#8211; arr\u00eat Gamelin<\/p>\n","protected":false},"author":1,"featured_media":0,"parent":0,"menu_order":0,"comment_status":"closed","ping_status":"closed","template":"","meta":{"ngg_post_thumbnail":0,"footnotes":""},"class_list":["post-71","page","type-page","status-publish","hentry"],"rttpg_featured_image_url":null,"rttpg_author":{"display_name":"userwp_tpott","author_link":"https:\/\/toulouse-pattedoie-tt.fr\/?author=1"},"rttpg_comment":0,"rttpg_category":null,"rttpg_excerpt":"Notre club est situ\u00e9 au Gymnase Christine\u00a0Rumeau6 rue des Turres 31100 TOULOUSE \u00e0 proximit\u00e9 du m\u00e9tro Fontaine&nbsp;Lestang et des Ar\u00e8nes. Nous contacter par email : patteoie@yahoo.frou Laurent CAMACHO &#8211; Pr\u00e9sident : 06 86 73 12 97 en journ\u00e9e jusque 21h. M\u00e9tro&nbsp;A &#8211; arr\u00eat Fontaine&nbsp;LestangTramway (T1) &#8211; arr\u00eat D\u00e9odat de S\u00e9veracBus 13 &#8211; arr\u00eat Gamelin","_links":{"self":[{"href":"https:\/\/toulouse-pattedoie-tt.fr\/index.php?rest_route=\/wp\/v2\/pages\/71","targetHints":{"allow":["GET"]}}],"collection":[{"href":"https:\/\/toulouse-pattedoie-tt.fr\/index.php?rest_route=\/wp\/v2\/pages"}],"about":[{"href":"https:\/\/toulouse-pattedoie-tt.fr\/index.php?rest_route=\/wp\/v2\/types\/page"}],"author":[{"embeddable":true,"href":"https:\/\/toulouse-pattedoie-tt.fr\/index.php?rest_route=\/wp\/v2\/users\/1"}],"replies":[{"embeddable":true,"href":"https:\/\/toulouse-pattedoie-tt.fr\/index.php?rest_route=%2Fwp%2Fv2%2Fcomments&post=71"}],"version-history":[{"count":5,"href":"https:\/\/toulouse-pattedoie-tt.fr\/index.php?rest_route=\/wp\/v2\/pages\/71\/revisions"}],"predecessor-version":[{"id":2196,"href":"https:\/\/toulouse-pattedoie-tt.fr\/index.php?rest_route=\/wp\/v2\/pages\/71\/revisions\/2196"}],"wp:attachment":[{"href":"https:\/\/toulouse-pattedoie-tt.fr\/index.php?rest_route=%2Fwp%2Fv2%2Fmedia&parent=71"}],"curies":[{"name":"wp","href":"https:\/\/api.w.org\/{rel}","templated":true}]}}